{"id":1215,"date":"2025-09-04T18:36:58","date_gmt":"2025-09-04T21:36:58","guid":{"rendered":"https:\/\/duasbarras.rj.gov.br\/site\/?page_id=1215"},"modified":"2025-09-04T18:36:58","modified_gmt":"2025-09-04T21:36:58","slug":"processos-seletivos","status":"publish","type":"page","link":"https:\/\/duasbarras.rj.gov.br\/site\/processos-seletivos\/","title":{"rendered":"Processos Seletivos"},"content":{"rendered":"<p><a href=\"https:\/\/duasbarras.rj.gov.br\/site\/wp-content\/uploads\/2025\/09\/Edital-processo-seletivo-2025.pdf\">Edital do Processo Seletivo de 2025 completo<\/a><br \/>\n<a href=\"https:\/\/duasbarras.rj.gov.br\/site\/wp-content\/uploads\/2025\/09\/LISTA-ATUALIZADA-20-de-agosto-2-40.pdf\">Convoca\u00e7\u00f5es atualizadas at\u00e9 20\/08\/25<\/a><br \/>\n<a href=\"https:\/\/duasbarras.rj.gov.br\/site\/wp-content\/uploads\/2025\/09\/ato-processo-seletivo-set-25.pdf\">Ato Processo Seletivo 09\/25<\/a><\/p>\n","protected":false},"excerpt":{"rendered":"<p>Edital do Processo Seletivo de 2025 completo Convoca\u00e7\u00f5es atualizadas at\u00e9 20\/08\/25 Ato Processo Seletivo 09\/25<\/p>\n","protected":false},"author":1,"featured_media":0,"parent":0,"menu_order":0,"comment_status":"closed","ping_status":"closed","template":"","meta":{"footnotes":""},"class_list":["post-1215","page","type-page","status-publish","hentry"],"_links":{"self":[{"href":"https:\/\/duasbarras.rj.gov.br\/site\/wp-json\/wp\/v2\/pages\/1215","targetHints":{"allow":["GET"]}}],"collection":[{"href":"https:\/\/duasbarras.rj.gov.br\/site\/wp-json\/wp\/v2\/pages"}],"about":[{"href":"https:\/\/duasbarras.rj.gov.br\/site\/wp-json\/wp\/v2\/types\/page"}],"author":[{"embeddable":true,"href":"https:\/\/duasbarras.rj.gov.br\/site\/wp-json\/wp\/v2\/users\/1"}],"replies":[{"embeddable":true,"href":"https:\/\/duasbarras.rj.gov.br\/site\/wp-json\/wp\/v2\/comments?post=1215"}],"version-history":[{"count":1,"href":"https:\/\/duasbarras.rj.gov.br\/site\/wp-json\/wp\/v2\/pages\/1215\/revisions"}],"predecessor-version":[{"id":1219,"href":"https:\/\/duasbarras.rj.gov.br\/site\/wp-json\/wp\/v2\/pages\/1215\/revisions\/1219"}],"wp:attachment":[{"href":"https:\/\/duasbarras.rj.gov.br\/site\/wp-json\/wp\/v2\/media?parent=1215"}],"curies":[{"name":"wp","href":"https:\/\/api.w.org\/{rel}","templated":true}]}}